{"id":1437,"date":"2024-12-01T17:32:32","date_gmt":"2024-12-01T16:32:32","guid":{"rendered":"https:\/\/sunset-ride.com\/contactez-nous\/"},"modified":"2026-01-09T15:24:51","modified_gmt":"2026-01-09T14:24:51","slug":"contactez-nous","status":"publish","type":"page","link":"https:\/\/sunset-ride.com\/fr\/contactez-nous\/","title":{"rendered":"Contactez nous"},"content":{"rendered":"\t\t<div data-elementor-type=\"wp-page\" data-elementor-id=\"1437\" class=\"elementor elementor-1437 elementor-1333\" data-elementor-post-type=\"page\">\n\t\t\t\t<div class=\"elementor-element elementor-element-2af1236 e-con-full e-flex e-con e-parent\" data-id=\"2af1236\" data-element_type=\"container\" data-e-type=\"container\">\n\t\t\t\t<div class=\"elementor-element elementor-element-257c956 elementor-widget elementor-widget-heading\" data-id=\"257c956\" data-element_type=\"widget\" data-e-type=\"widget\" data-widget_type=\"heading.default\">\n\t\t\t\t<div class=\"elementor-widget-container\">\n\t\t\t\t\t<h1 class=\"elementor-heading-title elementor-size-default\">Contactez nous<\/h1>\t\t\t\t<\/div>\n\t\t\t\t<\/div>\n\t\t\t\t<div class=\"elementor-element elementor-element-fc195cd elementor-widget elementor-widget-heading\" data-id=\"fc195cd\" data-element_type=\"widget\" data-e-type=\"widget\" data-widget_type=\"heading.default\">\n\t\t\t\t<div class=\"elementor-widget-container\">\n\t\t\t\t\t<h2 class=\"elementor-heading-title elementor-size-default\">T\u00e9l\u00e9phone : +33.6.38.77.69.36 \/ Mail : paul.sunsetride@gmail.com<\/h2>\t\t\t\t<\/div>\n\t\t\t\t<\/div>\n\t\t\t\t<div class=\"elementor-element elementor-element-59778f5 elementor-button-align-stretch elementor-widget elementor-widget-form\" data-id=\"59778f5\" data-element_type=\"widget\" data-e-type=\"widget\" data-settings=\"{&quot;step_next_label&quot;:&quot;Suivant&quot;,&quot;step_previous_label&quot;:&quot;Pr\\u00e9c\\u00e9dent&quot;,&quot;button_width&quot;:&quot;100&quot;,&quot;step_type&quot;:&quot;number_text&quot;,&quot;step_icon_shape&quot;:&quot;circle&quot;}\" data-widget_type=\"form.default\">\n\t\t\t\t<div class=\"elementor-widget-container\">\n\t\t\t\t\t\t\t<form class=\"elementor-form\" method=\"post\" name=\"Contactez nous\" aria-label=\"Contactez nous\">\n\t\t\t<input type=\"hidden\" name=\"post_id\" value=\"1437\"\/>\n\t\t\t<input type=\"hidden\" name=\"form_id\" value=\"59778f5\"\/>\n\t\t\t<input type=\"hidden\" name=\"referer_title\" value=\"Contact Us - Sunset Ride\" \/>\n\n\t\t\t\t\t\t\t<input type=\"hidden\" name=\"queried_id\" value=\"1437\"\/>\n\t\t\t\n\t\t\t<div class=\"elementor-form-fields-wrapper elementor-labels-above\">\n\t\t\t\t\t\t\t\t<div class=\"elementor-field-type-text elementor-field-group elementor-column elementor-field-group-name elementor-col-50\">\n\t\t\t\t\t\t\t\t\t\t\t\t<label for=\"form-field-name\" class=\"elementor-field-label\">\n\t\t\t\t\t\t\t\tPr\u00e9nom\t\t\t\t\t\t\t<\/label>\n\t\t\t\t\t\t\t\t\t\t\t\t\t\t<input size=\"1\" type=\"text\" name=\"form_fields[name]\" id=\"form-field-name\" class=\"elementor-field elementor-size-sm  elementor-field-textual\">\n\t\t\t\t\t\t\t\t\t\t\t<\/div>\n\t\t\t\t\t\t\t\t<div class=\"elementor-field-type-text elementor-field-group elementor-column elementor-field-group-field_8a15adb elementor-col-50\">\n\t\t\t\t\t\t\t\t\t\t\t\t<label for=\"form-field-field_8a15adb\" class=\"elementor-field-label\">\n\t\t\t\t\t\t\t\tNom de famille\t\t\t\t\t\t\t<\/label>\n\t\t\t\t\t\t\t\t\t\t\t\t\t\t<input size=\"1\" type=\"text\" name=\"form_fields[field_8a15adb]\" id=\"form-field-field_8a15adb\" class=\"elementor-field elementor-size-sm  elementor-field-textual\">\n\t\t\t\t\t\t\t\t\t\t\t<\/div>\n\t\t\t\t\t\t\t\t<div class=\"elementor-field-type-email elementor-field-group elementor-column elementor-field-group-email elementor-col-100 elementor-field-required elementor-mark-required\">\n\t\t\t\t\t\t\t\t\t\t\t\t<label for=\"form-field-email\" class=\"elementor-field-label\">\n\t\t\t\t\t\t\t\tCourriel\t\t\t\t\t\t\t<\/label>\n\t\t\t\t\t\t\t\t\t\t\t\t\t\t<input size=\"1\" type=\"email\" name=\"form_fields[email]\" id=\"form-field-email\" class=\"elementor-field elementor-size-sm  elementor-field-textual\" required=\"required\">\n\t\t\t\t\t\t\t\t\t\t\t<\/div>\n\t\t\t\t\t\t\t\t<div class=\"elementor-field-type-tel elementor-field-group elementor-column elementor-field-group-field_f55b5c6 elementor-col-100 elementor-field-required elementor-mark-required\">\n\t\t\t\t\t\t\t\t\t\t\t\t<label for=\"form-field-field_f55b5c6\" class=\"elementor-field-label\">\n\t\t\t\t\t\t\t\tT\u00e9l\u00e9phone\t\t\t\t\t\t\t<\/label>\n\t\t\t\t\t\t\t\t<input size=\"1\" type=\"tel\" name=\"form_fields[field_f55b5c6]\" id=\"form-field-field_f55b5c6\" class=\"elementor-field elementor-size-sm  elementor-field-textual\" required=\"required\" pattern=\"[0-9()#&amp;+*-=.]+\" title=\"Seuls les caract\u00e8res de num\u00e9ros de t\u00e9l\u00e9phone (#, -, *, etc.) sont accept\u00e9s.\">\n\n\t\t\t\t\t\t<\/div>\n\t\t\t\t\t\t\t\t<div class=\"elementor-field-type-textarea elementor-field-group elementor-column elementor-field-group-message elementor-col-100\">\n\t\t\t\t\t\t\t\t\t\t\t\t<label for=\"form-field-message\" class=\"elementor-field-label\">\n\t\t\t\t\t\t\t\tMessage\t\t\t\t\t\t\t<\/label>\n\t\t\t\t\t\t<textarea class=\"elementor-field-textual elementor-field  elementor-size-sm\" name=\"form_fields[message]\" id=\"form-field-message\" rows=\"4\" placeholder=\"Message\"><\/textarea>\t\t\t\t<\/div>\n\t\t\t\t\t\t\t\t<div class=\"elementor-field-type-recaptcha_v3 elementor-field-group elementor-column elementor-field-group-field_36cd687 elementor-col-100 recaptcha_v3-inline\">\n\t\t\t\t\t<div class=\"elementor-field\" id=\"form-field-field_36cd687\"><div class=\"elementor-g-recaptcha\" data-sitekey=\"6LcMzsQqAAAAABDNwz9OKGQwmaIqLBoepEA46WBS\" data-type=\"v3\" data-action=\"Form\" data-badge=\"inline\" data-size=\"invisible\"><\/div><\/div>\t\t\t\t<\/div>\n\t\t\t\t\t\t\t\t<div class=\"elementor-field-group elementor-column elementor-field-type-submit elementor-col-100 e-form__buttons\">\n\t\t\t\t\t<button class=\"elementor-button elementor-size-sm\" type=\"submit\">\n\t\t\t\t\t\t<span class=\"elementor-button-content-wrapper\">\n\t\t\t\t\t\t\t\t\t\t\t\t\t\t\t\t\t\t\t\t\t\t<span class=\"elementor-button-text\">Envoyer<\/span>\n\t\t\t\t\t\t\t\t\t\t\t\t\t<\/span>\n\t\t\t\t\t<\/button>\n\t\t\t\t<\/div>\n\t\t\t<\/div>\n\t\t<\/form>\n\t\t\t\t\t\t<\/div>\n\t\t\t\t<\/div>\n\t\t\t\t<\/div>\n\t\t<div class=\"elementor-element elementor-element-98e240e e-flex e-con-boxed e-con e-parent\" data-id=\"98e240e\" data-element_type=\"container\" data-e-type=\"container\">\n\t\t\t\t\t<div class=\"e-con-inner\">\n\t\t\t\t\t<\/div>\n\t\t\t\t<\/div>\n\t\t\t\t<\/div>\n\t\t","protected":false},"excerpt":{"rendered":"<p>Contactez nous T\u00e9l\u00e9phone : +33.6.38.77.69.36 \/ Mail : paul.sunsetride@gmail.com<\/p>\n","protected":false},"author":1,"featured_media":36,"parent":0,"menu_order":0,"comment_status":"closed","ping_status":"closed","template":"","meta":{"_monsterinsights_skip_tracking":false,"_monsterinsights_sitenote_active":false,"_monsterinsights_sitenote_note":"","_monsterinsights_sitenote_category":0,"footnotes":""},"class_list":["post-1437","page","type-page","status-publish","has-post-thumbnail","hentry"],"yoast_head":"<!-- This site is optimized with the Yoast SEO plugin v27.2 - https:\/\/yoast.com\/product\/yoast-seo-wordpress\/ -->\n<title>Contact Us - Sunset Ride<\/title>\n<meta name=\"description\" content=\"Pour toutes vos r\u00e9servations, demandes de devis ou questions, contactez Sunset Ride.\" \/>\n<meta name=\"robots\" content=\"index, follow, max-snippet:-1, max-image-preview:large, max-video-preview:-1\" \/>\n<link rel=\"canonical\" href=\"https:\/\/sunset-ride.com\/fr\/contactez-nous\/\" \/>\n<meta property=\"og:locale\" content=\"fr_FR\" \/>\n<meta property=\"og:type\" content=\"article\" \/>\n<meta property=\"og:title\" content=\"Contact Us - Sunset Ride\" \/>\n<meta property=\"og:description\" content=\"Pour toutes vos r\u00e9servations, demandes de devis ou questions, contactez Sunset Ride.\" \/>\n<meta property=\"og:url\" content=\"https:\/\/sunset-ride.com\/fr\/contactez-nous\/\" \/>\n<meta property=\"og:site_name\" content=\"Sunset Ride\" \/>\n<meta property=\"article:modified_time\" content=\"2026-01-09T14:24:51+00:00\" \/>\n<meta property=\"og:image\" content=\"https:\/\/sunset-ride.com\/wp-content\/uploads\/2024\/11\/favicon.png\" \/>\n\t<meta property=\"og:image:width\" content=\"512\" \/>\n\t<meta property=\"og:image:height\" content=\"512\" \/>\n\t<meta property=\"og:image:type\" content=\"image\/png\" \/>\n<meta name=\"twitter:card\" content=\"summary_large_image\" \/>\n<meta name=\"twitter:label1\" content=\"Dur\u00e9e de lecture estim\u00e9e\" \/>\n\t<meta name=\"twitter:data1\" content=\"1 minute\" \/>\n<script type=\"application\/ld+json\" class=\"yoast-schema-graph\">{\"@context\":\"https:\/\/schema.org\",\"@graph\":[{\"@type\":\"WebPage\",\"@id\":\"https:\/\/sunset-ride.com\/fr\/contactez-nous\/\",\"url\":\"https:\/\/sunset-ride.com\/fr\/contactez-nous\/\",\"name\":\"Contact Us - Sunset Ride\",\"isPartOf\":{\"@id\":\"https:\/\/sunset-ride.com\/#website\"},\"primaryImageOfPage\":{\"@id\":\"https:\/\/sunset-ride.com\/fr\/contactez-nous\/#primaryimage\"},\"image\":{\"@id\":\"https:\/\/sunset-ride.com\/fr\/contactez-nous\/#primaryimage\"},\"thumbnailUrl\":\"https:\/\/sunset-ride.com\/wp-content\/uploads\/2024\/11\/favicon.png\",\"datePublished\":\"2024-12-01T16:32:32+00:00\",\"dateModified\":\"2026-01-09T14:24:51+00:00\",\"description\":\"Pour toutes vos r\u00e9servations, demandes de devis ou questions, contactez Sunset Ride.\",\"breadcrumb\":{\"@id\":\"https:\/\/sunset-ride.com\/fr\/contactez-nous\/#breadcrumb\"},\"inLanguage\":\"fr-FR\",\"potentialAction\":[{\"@type\":\"ReadAction\",\"target\":[\"https:\/\/sunset-ride.com\/fr\/contactez-nous\/\"]}]},{\"@type\":\"ImageObject\",\"inLanguage\":\"fr-FR\",\"@id\":\"https:\/\/sunset-ride.com\/fr\/contactez-nous\/#primaryimage\",\"url\":\"https:\/\/sunset-ride.com\/wp-content\/uploads\/2024\/11\/favicon.png\",\"contentUrl\":\"https:\/\/sunset-ride.com\/wp-content\/uploads\/2024\/11\/favicon.png\",\"width\":512,\"height\":512},{\"@type\":\"BreadcrumbList\",\"@id\":\"https:\/\/sunset-ride.com\/fr\/contactez-nous\/#breadcrumb\",\"itemListElement\":[{\"@type\":\"ListItem\",\"position\":1,\"name\":\"Accueil\",\"item\":\"https:\/\/sunset-ride.com\/\"},{\"@type\":\"ListItem\",\"position\":2,\"name\":\"Contactez nous\"}]},{\"@type\":\"WebSite\",\"@id\":\"https:\/\/sunset-ride.com\/#website\",\"url\":\"https:\/\/sunset-ride.com\/\",\"name\":\"Sunset Ride\",\"description\":\"Classic car rental\",\"publisher\":{\"@id\":\"https:\/\/sunset-ride.com\/#organization\"},\"potentialAction\":[{\"@type\":\"SearchAction\",\"target\":{\"@type\":\"EntryPoint\",\"urlTemplate\":\"https:\/\/sunset-ride.com\/?s={search_term_string}\"},\"query-input\":{\"@type\":\"PropertyValueSpecification\",\"valueRequired\":true,\"valueName\":\"search_term_string\"}}],\"inLanguage\":\"fr-FR\"},{\"@type\":\"Organization\",\"@id\":\"https:\/\/sunset-ride.com\/#organization\",\"name\":\"Sunset Ride\",\"url\":\"https:\/\/sunset-ride.com\/\",\"logo\":{\"@type\":\"ImageObject\",\"inLanguage\":\"fr-FR\",\"@id\":\"https:\/\/sunset-ride.com\/#\/schema\/logo\/image\/\",\"url\":\"https:\/\/sunset-ride.com\/wp-content\/uploads\/2025\/11\/cropped-SR-copie-1.png\",\"contentUrl\":\"https:\/\/sunset-ride.com\/wp-content\/uploads\/2025\/11\/cropped-SR-copie-1.png\",\"width\":512,\"height\":512,\"caption\":\"Sunset Ride\"},\"image\":{\"@id\":\"https:\/\/sunset-ride.com\/#\/schema\/logo\/image\/\"}}]}<\/script>\n<!-- \/ Yoast SEO plugin. -->","yoast_head_json":{"title":"Contact Us - Sunset Ride","description":"Pour toutes vos r\u00e9servations, demandes de devis ou questions, contactez Sunset Ride.","robots":{"index":"index","follow":"follow","max-snippet":"max-snippet:-1","max-image-preview":"max-image-preview:large","max-video-preview":"max-video-preview:-1"},"canonical":"https:\/\/sunset-ride.com\/fr\/contactez-nous\/","og_locale":"fr_FR","og_type":"article","og_title":"Contact Us - Sunset Ride","og_description":"Pour toutes vos r\u00e9servations, demandes de devis ou questions, contactez Sunset Ride.","og_url":"https:\/\/sunset-ride.com\/fr\/contactez-nous\/","og_site_name":"Sunset Ride","article_modified_time":"2026-01-09T14:24:51+00:00","og_image":[{"width":512,"height":512,"url":"https:\/\/sunset-ride.com\/wp-content\/uploads\/2024\/11\/favicon.png","type":"image\/png"}],"twitter_card":"summary_large_image","twitter_misc":{"Dur\u00e9e de lecture estim\u00e9e":"1 minute"},"schema":{"@context":"https:\/\/schema.org","@graph":[{"@type":"WebPage","@id":"https:\/\/sunset-ride.com\/fr\/contactez-nous\/","url":"https:\/\/sunset-ride.com\/fr\/contactez-nous\/","name":"Contact Us - Sunset Ride","isPartOf":{"@id":"https:\/\/sunset-ride.com\/#website"},"primaryImageOfPage":{"@id":"https:\/\/sunset-ride.com\/fr\/contactez-nous\/#primaryimage"},"image":{"@id":"https:\/\/sunset-ride.com\/fr\/contactez-nous\/#primaryimage"},"thumbnailUrl":"https:\/\/sunset-ride.com\/wp-content\/uploads\/2024\/11\/favicon.png","datePublished":"2024-12-01T16:32:32+00:00","dateModified":"2026-01-09T14:24:51+00:00","description":"Pour toutes vos r\u00e9servations, demandes de devis ou questions, contactez Sunset Ride.","breadcrumb":{"@id":"https:\/\/sunset-ride.com\/fr\/contactez-nous\/#breadcrumb"},"inLanguage":"fr-FR","potentialAction":[{"@type":"ReadAction","target":["https:\/\/sunset-ride.com\/fr\/contactez-nous\/"]}]},{"@type":"ImageObject","inLanguage":"fr-FR","@id":"https:\/\/sunset-ride.com\/fr\/contactez-nous\/#primaryimage","url":"https:\/\/sunset-ride.com\/wp-content\/uploads\/2024\/11\/favicon.png","contentUrl":"https:\/\/sunset-ride.com\/wp-content\/uploads\/2024\/11\/favicon.png","width":512,"height":512},{"@type":"BreadcrumbList","@id":"https:\/\/sunset-ride.com\/fr\/contactez-nous\/#breadcrumb","itemListElement":[{"@type":"ListItem","position":1,"name":"Accueil","item":"https:\/\/sunset-ride.com\/"},{"@type":"ListItem","position":2,"name":"Contactez nous"}]},{"@type":"WebSite","@id":"https:\/\/sunset-ride.com\/#website","url":"https:\/\/sunset-ride.com\/","name":"Sunset Ride","description":"Classic car rental","publisher":{"@id":"https:\/\/sunset-ride.com\/#organization"},"potentialAction":[{"@type":"SearchAction","target":{"@type":"EntryPoint","urlTemplate":"https:\/\/sunset-ride.com\/?s={search_term_string}"},"query-input":{"@type":"PropertyValueSpecification","valueRequired":true,"valueName":"search_term_string"}}],"inLanguage":"fr-FR"},{"@type":"Organization","@id":"https:\/\/sunset-ride.com\/#organization","name":"Sunset Ride","url":"https:\/\/sunset-ride.com\/","logo":{"@type":"ImageObject","inLanguage":"fr-FR","@id":"https:\/\/sunset-ride.com\/#\/schema\/logo\/image\/","url":"https:\/\/sunset-ride.com\/wp-content\/uploads\/2025\/11\/cropped-SR-copie-1.png","contentUrl":"https:\/\/sunset-ride.com\/wp-content\/uploads\/2025\/11\/cropped-SR-copie-1.png","width":512,"height":512,"caption":"Sunset Ride"},"image":{"@id":"https:\/\/sunset-ride.com\/#\/schema\/logo\/image\/"}}]}},"_links":{"self":[{"href":"https:\/\/sunset-ride.com\/fr\/wp-json\/wp\/v2\/pages\/1437","targetHints":{"allow":["GET"]}}],"collection":[{"href":"https:\/\/sunset-ride.com\/fr\/wp-json\/wp\/v2\/pages"}],"about":[{"href":"https:\/\/sunset-ride.com\/fr\/wp-json\/wp\/v2\/types\/page"}],"author":[{"embeddable":true,"href":"https:\/\/sunset-ride.com\/fr\/wp-json\/wp\/v2\/users\/1"}],"replies":[{"embeddable":true,"href":"https:\/\/sunset-ride.com\/fr\/wp-json\/wp\/v2\/comments?post=1437"}],"version-history":[{"count":12,"href":"https:\/\/sunset-ride.com\/fr\/wp-json\/wp\/v2\/pages\/1437\/revisions"}],"predecessor-version":[{"id":2668,"href":"https:\/\/sunset-ride.com\/fr\/wp-json\/wp\/v2\/pages\/1437\/revisions\/2668"}],"wp:featuredmedia":[{"embeddable":true,"href":"https:\/\/sunset-ride.com\/fr\/wp-json\/wp\/v2\/media\/36"}],"wp:attachment":[{"href":"https:\/\/sunset-ride.com\/fr\/wp-json\/wp\/v2\/media?parent=1437"}],"curies":[{"name":"wp","href":"https:\/\/api.w.org\/{rel}","templated":true}]}}