{"id":1427,"date":"2024-11-30T13:12:04","date_gmt":"2024-11-30T12:12:04","guid":{"rendered":"https:\/\/sunset-ride.com\/livre-en-ligne\/"},"modified":"2026-01-09T15:21:36","modified_gmt":"2026-01-09T14:21:36","slug":"reserver","status":"publish","type":"page","link":"https:\/\/sunset-ride.com\/fr\/reserver\/","title":{"rendered":"R\u00e9server"},"content":{"rendered":"\t\t<div data-elementor-type=\"wp-page\" data-elementor-id=\"1427\" class=\"elementor elementor-1427 elementor-1270\" data-elementor-post-type=\"page\">\n\t\t\t\t<div class=\"elementor-element elementor-element-2af1236 e-con-full e-flex e-con e-parent\" data-id=\"2af1236\" data-element_type=\"container\" data-e-type=\"container\">\n\t\t\t\t<div class=\"elementor-element elementor-element-257c956 elementor-widget elementor-widget-heading\" data-id=\"257c956\" data-element_type=\"widget\" data-e-type=\"widget\" data-widget_type=\"heading.default\">\n\t\t\t\t<div class=\"elementor-widget-container\">\n\t\t\t\t\t<h1 class=\"elementor-heading-title elementor-size-default\">R\u00e9servez une voiture de collection<\/h1>\t\t\t\t<\/div>\n\t\t\t\t<\/div>\n\t\t\t\t<div class=\"elementor-element elementor-element-3c95304 elementor-widget elementor-widget-shortcode\" data-id=\"3c95304\" data-element_type=\"widget\" data-e-type=\"widget\" data-widget_type=\"shortcode.default\">\n\t\t\t\t<div class=\"elementor-widget-container\">\n\t\t\t\t\t\t\t<div class=\"elementor-shortcode\">    <form id=\"classic-car-booking-form\" method=\"post\" enctype=\"multipart\/form-data\" action=\"https:\/\/sunset-ride.com\/wp-admin\/admin-post.php\">\n        <input type=\"hidden\" name=\"action\" value=\"handle_booking_form\">\n        <input type=\"hidden\" id=\"cars_list\" name=\"cars_list\">\n        \n                <!-- S\u00e9lecteur de r\u00e9gion (affich\u00e9 uniquement si aucune voiture sp\u00e9cifique n'est s\u00e9lectionn\u00e9e) -->\n        <div id=\"region-container\">\n            <label for=\"region\">Choose your region<\/label>\n            <select id=\"region\" name=\"region\" required>\n                <option value=\"\" disabled selected>Select a region<\/option>\n                <option value=\"french-riviera\">French Riviera<\/option>\n                <option value=\"basque-country\">Basque Country<\/option>\n            <\/select>\n        <\/div>\n        \n        <!-- Conteneur dynamique pour les voitures -->\n        <div id=\"cars-container\">\n            <div class=\"car-block\" data-index=\"1\">\n    <h2>Car Details<\/h2>\n            <!-- S\u00e9lecteur de voiture standard -->\n        <label for=\"car_1\">Choose a car<\/label>\n        <select id=\"car_1\" name=\"cars[1][car]\" class=\"car-select\" required>\n            <option value=\"\" disabled selected>Choose a car<\/option>\n        <\/select>\n        <div class=\"car-image-container\" id=\"car-image-1\"><\/div>\n        <label for=\"departure_1\">Departure<\/label>\n    <input type=\"date\" id=\"departure_1\" name=\"cars[1][departure]\" required>\n    <label for=\"return_1\">Return<\/label>\n    <input type=\"date\" id=\"return_1\" name=\"cars[1][return]\" required>\n    <label for=\"delivery_1\">Delivery?<\/label>\n    <input type=\"checkbox\" id=\"delivery_1\" name=\"cars[1][delivery]\">\n    <div id=\"delivery-place-container-1\" class=\"delivery-place-container\" style=\"display: none;\">\n        <input style=\"margin-top: 10px;\" placeholder=\"Delivery place\" type=\"text\" id=\"delivery-place-1\" name=\"cars[1][delivery_place]\">\n    <\/div>\n<\/div>\n\n        <\/div>\n\n        <!-- Bouton Add a car -->\n                <button type=\"button\" id=\"add-car-button\">Add a car<\/button>\n        \n        <!-- Coordonn\u00e9es utilisateur -->\n        <div id=\"contact-container\" style=\"margin-top: 20px;\">\n            <!-- T\u00e9l\u00e9phone -->\n            <label for=\"phone\">Phone<\/label>\n            <input placeholder=\"+33 XX XX XX XX\" type=\"tel\" id=\"phone\" name=\"phone\" pattern=\"^(\\+?\\d{1,3}[- ]?)?\\d{10}$\" required>\n            \n            <div style=\"display: flex; gap: 10px; margin-top: 10px;\">\n                <!-- Nom et Pr\u00e9nom -->\n                <div style=\"flex: 1;\">\n                    <label for=\"name\">Name<\/label>\n                    <input placeholder=\"Name\" type=\"text\" id=\"name\" name=\"name\" required>\n                <\/div>\n                <div style=\"flex: 1;\">\n                    <label for=\"last-name\">Last Name<\/label>\n                    <input placeholder=\"Last name\" type=\"text\" id=\"last-name\" name=\"last_name\" required>\n                <\/div>\n            <\/div>\n        <\/div>\n\n        <!-- S\u00e9lecteur Hotel\/Airbnb -->\n        <label style=\"margin-top: 14px; margin-bottom: 3px;\" for=\"hotel-airbnb\">Hotel name or Airbnb<\/label>\n        <select id=\"hotel-airbnb\" name=\"hotel_airbnb\" required>\n            <option value=\"\" disabled selected>Select an option<\/option>\n            <option value=\"Hotel\">Hotel<\/option>\n            <option value=\"Airbnb\">Airbnb<\/option>\n        <\/select>\n\n        <!-- Champ texte dynamique pour le nom de l'h\u00e9bergement -->\n        <div id=\"accommodation-name-container\" style=\"display: none; margin-top: 14px;\">\n            <label for=\"accommodation-name\">Name of the accommodation<\/label>\n            <input placeholder=\"Accommodation name\" type=\"text\" id=\"accommodation-name\" name=\"accommodation_name\">\n        <\/div>\n\n        <!-- Email -->\n        <label style=\"margin-top: 14px; margin-bottom: 3px;\" for=\"email\">E-mail<\/label>\n        <input placeholder=\"email@email.com\" type=\"email\" id=\"email\" name=\"email\" required>\n\n        <!-- Message -->\n        <label style=\"margin-top: 14px; margin-bottom: 3px;\" for=\"message\">Message<\/label>\n        <textarea placeholder=\"Your message ...\" id=\"message\" name=\"message\" rows=\"4\"><\/textarea>\n\n        <!-- Bouton de soumission -->\n        <button type=\"submit\" id=\"send-request-button\">Send a request<\/button>\n    <\/form>\n    <\/div>\n\t\t\t\t\t\t<\/div>\n\t\t\t\t<\/div>\n\t\t\t\t<\/div>\n\t\t\t\t<\/div>\n\t\t","protected":false},"excerpt":{"rendered":"<p>R\u00e9servez une voiture de collection<\/p>\n","protected":false},"author":1,"featured_media":36,"parent":0,"menu_order":0,"comment_status":"closed","ping_status":"closed","template":"","meta":{"_monsterinsights_skip_tracking":false,"_monsterinsights_sitenote_active":false,"_monsterinsights_sitenote_note":"","_monsterinsights_sitenote_category":0,"footnotes":""},"class_list":["post-1427","page","type-page","status-publish","has-post-thumbnail","hentry"],"yoast_head":"<!-- This site is optimized with the Yoast SEO plugin v27.2 - https:\/\/yoast.com\/product\/yoast-seo-wordpress\/ -->\n<title>Book a Classic Car - Sunset Ride<\/title>\n<meta name=\"description\" content=\"Faite votre demande de r\u00e9servation en ligne et d\u00e9couvrez la C\u00f4te d&#039;Azur et la C\u00f4te Basque en voiture ancienne.\" \/>\n<meta name=\"robots\" content=\"index, follow, max-snippet:-1, max-image-preview:large, max-video-preview:-1\" \/>\n<link rel=\"canonical\" href=\"https:\/\/sunset-ride.com\/fr\/reserver\/\" \/>\n<meta property=\"og:locale\" content=\"fr_FR\" \/>\n<meta property=\"og:type\" content=\"article\" \/>\n<meta property=\"og:title\" content=\"Book a Classic Car - Sunset Ride\" \/>\n<meta property=\"og:description\" content=\"Faite votre demande de r\u00e9servation en ligne et d\u00e9couvrez la C\u00f4te d&#039;Azur et la C\u00f4te Basque en voiture ancienne.\" \/>\n<meta property=\"og:url\" content=\"https:\/\/sunset-ride.com\/fr\/reserver\/\" \/>\n<meta property=\"og:site_name\" content=\"Sunset Ride\" \/>\n<meta property=\"article:modified_time\" content=\"2026-01-09T14:21:36+00:00\" \/>\n<meta property=\"og:image\" content=\"https:\/\/sunset-ride.com\/wp-content\/uploads\/2024\/11\/favicon.png\" \/>\n\t<meta property=\"og:image:width\" content=\"512\" \/>\n\t<meta property=\"og:image:height\" content=\"512\" \/>\n\t<meta property=\"og:image:type\" content=\"image\/png\" \/>\n<meta name=\"twitter:card\" content=\"summary_large_image\" \/>\n<meta name=\"twitter:label1\" content=\"Dur\u00e9e de lecture estim\u00e9e\" \/>\n\t<meta name=\"twitter:data1\" content=\"1 minute\" \/>\n<script type=\"application\/ld+json\" class=\"yoast-schema-graph\">{\"@context\":\"https:\/\/schema.org\",\"@graph\":[{\"@type\":\"WebPage\",\"@id\":\"https:\/\/sunset-ride.com\/fr\/reserver\/\",\"url\":\"https:\/\/sunset-ride.com\/fr\/reserver\/\",\"name\":\"Book a Classic Car - Sunset Ride\",\"isPartOf\":{\"@id\":\"https:\/\/sunset-ride.com\/#website\"},\"primaryImageOfPage\":{\"@id\":\"https:\/\/sunset-ride.com\/fr\/reserver\/#primaryimage\"},\"image\":{\"@id\":\"https:\/\/sunset-ride.com\/fr\/reserver\/#primaryimage\"},\"thumbnailUrl\":\"https:\/\/sunset-ride.com\/wp-content\/uploads\/2024\/11\/favicon.png\",\"datePublished\":\"2024-11-30T12:12:04+00:00\",\"dateModified\":\"2026-01-09T14:21:36+00:00\",\"description\":\"Faite votre demande de r\u00e9servation en ligne et d\u00e9couvrez la C\u00f4te d'Azur et la C\u00f4te Basque en voiture ancienne.\",\"breadcrumb\":{\"@id\":\"https:\/\/sunset-ride.com\/fr\/reserver\/#breadcrumb\"},\"inLanguage\":\"fr-FR\",\"potentialAction\":[{\"@type\":\"ReadAction\",\"target\":[\"https:\/\/sunset-ride.com\/fr\/reserver\/\"]}]},{\"@type\":\"ImageObject\",\"inLanguage\":\"fr-FR\",\"@id\":\"https:\/\/sunset-ride.com\/fr\/reserver\/#primaryimage\",\"url\":\"https:\/\/sunset-ride.com\/wp-content\/uploads\/2024\/11\/favicon.png\",\"contentUrl\":\"https:\/\/sunset-ride.com\/wp-content\/uploads\/2024\/11\/favicon.png\",\"width\":512,\"height\":512},{\"@type\":\"BreadcrumbList\",\"@id\":\"https:\/\/sunset-ride.com\/fr\/reserver\/#breadcrumb\",\"itemListElement\":[{\"@type\":\"ListItem\",\"position\":1,\"name\":\"Accueil\",\"item\":\"https:\/\/sunset-ride.com\/\"},{\"@type\":\"ListItem\",\"position\":2,\"name\":\"R\u00e9server\"}]},{\"@type\":\"WebSite\",\"@id\":\"https:\/\/sunset-ride.com\/#website\",\"url\":\"https:\/\/sunset-ride.com\/\",\"name\":\"Sunset Ride\",\"description\":\"Classic car rental\",\"publisher\":{\"@id\":\"https:\/\/sunset-ride.com\/#organization\"},\"potentialAction\":[{\"@type\":\"SearchAction\",\"target\":{\"@type\":\"EntryPoint\",\"urlTemplate\":\"https:\/\/sunset-ride.com\/?s={search_term_string}\"},\"query-input\":{\"@type\":\"PropertyValueSpecification\",\"valueRequired\":true,\"valueName\":\"search_term_string\"}}],\"inLanguage\":\"fr-FR\"},{\"@type\":\"Organization\",\"@id\":\"https:\/\/sunset-ride.com\/#organization\",\"name\":\"Sunset Ride\",\"url\":\"https:\/\/sunset-ride.com\/\",\"logo\":{\"@type\":\"ImageObject\",\"inLanguage\":\"fr-FR\",\"@id\":\"https:\/\/sunset-ride.com\/#\/schema\/logo\/image\/\",\"url\":\"https:\/\/sunset-ride.com\/wp-content\/uploads\/2025\/11\/cropped-SR-copie-1.png\",\"contentUrl\":\"https:\/\/sunset-ride.com\/wp-content\/uploads\/2025\/11\/cropped-SR-copie-1.png\",\"width\":512,\"height\":512,\"caption\":\"Sunset Ride\"},\"image\":{\"@id\":\"https:\/\/sunset-ride.com\/#\/schema\/logo\/image\/\"}}]}<\/script>\n<!-- \/ Yoast SEO plugin. -->","yoast_head_json":{"title":"Book a Classic Car - Sunset Ride","description":"Faite votre demande de r\u00e9servation en ligne et d\u00e9couvrez la C\u00f4te d'Azur et la C\u00f4te Basque en voiture ancienne.","robots":{"index":"index","follow":"follow","max-snippet":"max-snippet:-1","max-image-preview":"max-image-preview:large","max-video-preview":"max-video-preview:-1"},"canonical":"https:\/\/sunset-ride.com\/fr\/reserver\/","og_locale":"fr_FR","og_type":"article","og_title":"Book a Classic Car - Sunset Ride","og_description":"Faite votre demande de r\u00e9servation en ligne et d\u00e9couvrez la C\u00f4te d'Azur et la C\u00f4te Basque en voiture ancienne.","og_url":"https:\/\/sunset-ride.com\/fr\/reserver\/","og_site_name":"Sunset Ride","article_modified_time":"2026-01-09T14:21:36+00:00","og_image":[{"width":512,"height":512,"url":"https:\/\/sunset-ride.com\/wp-content\/uploads\/2024\/11\/favicon.png","type":"image\/png"}],"twitter_card":"summary_large_image","twitter_misc":{"Dur\u00e9e de lecture estim\u00e9e":"1 minute"},"schema":{"@context":"https:\/\/schema.org","@graph":[{"@type":"WebPage","@id":"https:\/\/sunset-ride.com\/fr\/reserver\/","url":"https:\/\/sunset-ride.com\/fr\/reserver\/","name":"Book a Classic Car - Sunset Ride","isPartOf":{"@id":"https:\/\/sunset-ride.com\/#website"},"primaryImageOfPage":{"@id":"https:\/\/sunset-ride.com\/fr\/reserver\/#primaryimage"},"image":{"@id":"https:\/\/sunset-ride.com\/fr\/reserver\/#primaryimage"},"thumbnailUrl":"https:\/\/sunset-ride.com\/wp-content\/uploads\/2024\/11\/favicon.png","datePublished":"2024-11-30T12:12:04+00:00","dateModified":"2026-01-09T14:21:36+00:00","description":"Faite votre demande de r\u00e9servation en ligne et d\u00e9couvrez la C\u00f4te d'Azur et la C\u00f4te Basque en voiture ancienne.","breadcrumb":{"@id":"https:\/\/sunset-ride.com\/fr\/reserver\/#breadcrumb"},"inLanguage":"fr-FR","potentialAction":[{"@type":"ReadAction","target":["https:\/\/sunset-ride.com\/fr\/reserver\/"]}]},{"@type":"ImageObject","inLanguage":"fr-FR","@id":"https:\/\/sunset-ride.com\/fr\/reserver\/#primaryimage","url":"https:\/\/sunset-ride.com\/wp-content\/uploads\/2024\/11\/favicon.png","contentUrl":"https:\/\/sunset-ride.com\/wp-content\/uploads\/2024\/11\/favicon.png","width":512,"height":512},{"@type":"BreadcrumbList","@id":"https:\/\/sunset-ride.com\/fr\/reserver\/#breadcrumb","itemListElement":[{"@type":"ListItem","position":1,"name":"Accueil","item":"https:\/\/sunset-ride.com\/"},{"@type":"ListItem","position":2,"name":"R\u00e9server"}]},{"@type":"WebSite","@id":"https:\/\/sunset-ride.com\/#website","url":"https:\/\/sunset-ride.com\/","name":"Sunset Ride","description":"Classic car rental","publisher":{"@id":"https:\/\/sunset-ride.com\/#organization"},"potentialAction":[{"@type":"SearchAction","target":{"@type":"EntryPoint","urlTemplate":"https:\/\/sunset-ride.com\/?s={search_term_string}"},"query-input":{"@type":"PropertyValueSpecification","valueRequired":true,"valueName":"search_term_string"}}],"inLanguage":"fr-FR"},{"@type":"Organization","@id":"https:\/\/sunset-ride.com\/#organization","name":"Sunset Ride","url":"https:\/\/sunset-ride.com\/","logo":{"@type":"ImageObject","inLanguage":"fr-FR","@id":"https:\/\/sunset-ride.com\/#\/schema\/logo\/image\/","url":"https:\/\/sunset-ride.com\/wp-content\/uploads\/2025\/11\/cropped-SR-copie-1.png","contentUrl":"https:\/\/sunset-ride.com\/wp-content\/uploads\/2025\/11\/cropped-SR-copie-1.png","width":512,"height":512,"caption":"Sunset Ride"},"image":{"@id":"https:\/\/sunset-ride.com\/#\/schema\/logo\/image\/"}}]}},"_links":{"self":[{"href":"https:\/\/sunset-ride.com\/fr\/wp-json\/wp\/v2\/pages\/1427","targetHints":{"allow":["GET"]}}],"collection":[{"href":"https:\/\/sunset-ride.com\/fr\/wp-json\/wp\/v2\/pages"}],"about":[{"href":"https:\/\/sunset-ride.com\/fr\/wp-json\/wp\/v2\/types\/page"}],"author":[{"embeddable":true,"href":"https:\/\/sunset-ride.com\/fr\/wp-json\/wp\/v2\/users\/1"}],"replies":[{"embeddable":true,"href":"https:\/\/sunset-ride.com\/fr\/wp-json\/wp\/v2\/comments?post=1427"}],"version-history":[{"count":5,"href":"https:\/\/sunset-ride.com\/fr\/wp-json\/wp\/v2\/pages\/1427\/revisions"}],"predecessor-version":[{"id":2533,"href":"https:\/\/sunset-ride.com\/fr\/wp-json\/wp\/v2\/pages\/1427\/revisions\/2533"}],"wp:featuredmedia":[{"embeddable":true,"href":"https:\/\/sunset-ride.com\/fr\/wp-json\/wp\/v2\/media\/36"}],"wp:attachment":[{"href":"https:\/\/sunset-ride.com\/fr\/wp-json\/wp\/v2\/media?parent=1427"}],"curies":[{"name":"wp","href":"https:\/\/api.w.org\/{rel}","templated":true}]}}