{"id":1423,"date":"2024-12-01T17:41:47","date_gmt":"2024-12-01T16:41:47","guid":{"rendered":"https:\/\/sunset-ride.com\/conditions-generales-de-vente\/"},"modified":"2026-04-14T16:53:41","modified_gmt":"2026-04-14T14:53:41","slug":"conditions-generales-de-vente","status":"publish","type":"page","link":"https:\/\/sunset-ride.com\/fr\/conditions-generales-de-vente\/","title":{"rendered":"Conditions g\u00e9n\u00e9rales de vente"},"content":{"rendered":"\t\t<div data-elementor-type=\"wp-page\" data-elementor-id=\"1423\" class=\"elementor elementor-1423 elementor-1355\" data-elementor-post-type=\"page\">\n\t\t\t\t<div class=\"elementor-element elementor-element-2af1236 e-con-full e-flex e-con e-parent\" data-id=\"2af1236\" data-element_type=\"container\" data-e-type=\"container\">\n\t\t\t\t<div class=\"elementor-element elementor-element-257c956 elementor-widget elementor-widget-heading\" data-id=\"257c956\" data-element_type=\"widget\" data-e-type=\"widget\" data-widget_type=\"heading.default\">\n\t\t\t\t<div class=\"elementor-widget-container\">\n\t\t\t\t\t<h1 class=\"elementor-heading-title elementor-size-default\">Conditions g\u00e9n\u00e9rales de vente\n\n\n\n\n\n<\/h1>\t\t\t\t<\/div>\n\t\t\t\t<\/div>\n\t\t\t\t<div class=\"elementor-element elementor-element-95c2689 elementor-widget elementor-widget-text-editor\" data-id=\"95c2689\" data-element_type=\"widget\" data-e-type=\"widget\" data-widget_type=\"text-editor.default\">\n\t\t\t\t<div class=\"elementor-widget-container\">\n\t\t\t\t\t\t\t\t\t<p data-sourcepos=\"62:1-62:12\"><strong><span class=\"citation-0\">Pr\u00e9ambule<\/span><\/strong><\/p>\n<p data-sourcepos=\"64:1-64:309\"><span class=\"citation-0 citation-end-0\">Les pr\u00e9sentes conditions g\u00e9n\u00e9rales de vente (ci-apr\u00e8s d\u00e9nomm\u00e9es les<\/span> \u00ab CGV \u00bb) s&rsquo;appliquent \u00e0 toute location de v\u00e9hicule effectu\u00e9e par Sunset Ride (ci-apr\u00e8s d\u00e9nomm\u00e9e \u00ab Sunset Ride \u00bb) aupr\u00e8s de tout client (ci-apr\u00e8s d\u00e9nomm\u00e9 le \u00ab Client \u00bb) via le site internet de l&rsquo;entreprise ou tout autre moyen de communication.<span class=\"button-container hide-from-message-actions ng-star-inserted\"> <\/span><\/p>\n<p data-sourcepos=\"66:1-66:76\">En r\u00e9servant un v\u00e9hicule, le Client accepte sans r\u00e9serve l&rsquo;int\u00e9gralit\u00e9 des pr\u00e9sentes CGV.<\/p>\n<p data-sourcepos=\"66:1-66:76\">\n<p data-sourcepos=\"68:1-68:22\"><strong>Article 1: Objet<\/strong><\/p>\n<p data-sourcepos=\"70:1-70:121\">Les pr\u00e9sentes CGV ont pour objet de d\u00e9finir les conditions dans lesquelles Sunset Ride propose des locations de voitures de collection \u00e0 ses Clients.<\/p>\n<p data-sourcepos=\"70:1-70:121\">\n<p data-sourcepos=\"72:1-72:34\"><strong>Article 2: R\u00e9servation et paiement<\/strong><\/p>\n<ul data-sourcepos=\"74:1-77:0\">\n<li data-sourcepos=\"74:1-74:147\"><strong>R\u00e9servation <\/strong>: Les demandes de r\u00e9servation peuvent \u00eatre effectu\u00e9es en ligne sur le site internet de Sunset Ride ou par tout autre moyen de communication mis \u00e0 disposition par l&rsquo;entreprise.<\/li>\n<li data-sourcepos=\"75:1-75:122\"><strong>Paiement: Le montant total de la location doit \u00eatre r\u00e9gl\u00e9 au moment de la r\u00e9servation, via un lien de paiement envoy\u00e9 par e-mail ou SMS.<\/strong><\/li>\n<li data-sourcepos=\"76:1-77:0\"><strong>Caution:<\/strong> Un acompte est exig\u00e9 lors de la r\u00e9servation d&rsquo;une voiture de collection, le solde \u00e9tant d\u00fb au moment de la remise des cl\u00e9s.<\/li>\n<li data-sourcepos=\"76:1-77:0\"><strong>P\u00e9riode de location<\/strong> : La p\u00e9riode de location est d\u00e9finie comme commen\u00e7ant \u00e0 9h00 et se terminant au plus tard \u00e0 21h00. Toute prolongation au-del\u00e0 de ce cr\u00e9neau horaire fera l&rsquo;objet d&rsquo;une facturation suppl\u00e9mentaire de 100 \u20ac par heure. <\/li>\n<\/ul>\n<p data-sourcepos=\"78:1-78:23\">\n<p data-sourcepos=\"78:1-78:23\"><strong>Article 3: V\u00e9hicules<\/strong><\/p>\n<ul data-sourcepos=\"80:1-83:0\">\n<li data-sourcepos=\"80:1-80:121\"><strong>\u00c9tat des v\u00e9hicules : <\/strong>Les v\u00e9hicules propos\u00e9s \u00e0 la location sont en bon \u00e9tat de fonctionnement et ont fait l&rsquo;objet d&rsquo;un entretien r\u00e9gulier.<\/li>\n<li data-sourcepos=\"81:1-81:76\"><strong>Kilom\u00e9trage :<\/strong> Un forfait kilom\u00e9trique journalier de 150 km est d\u00e9fini dans le contrat de location.<\/li>\n<li data-sourcepos=\"82:1-83:0\"><strong>Assurance <\/strong>: Les v\u00e9hicules sont assur\u00e9s pour les dommages caus\u00e9s aux tiers. Le Client est responsable de tout dommage caus\u00e9 au v\u00e9hicule. <\/li>\n<\/ul>\n<p data-sourcepos=\"84:1-84:32\">\n<p data-sourcepos=\"84:1-84:32\"><strong>Article 4: Conditions de location<\/strong><\/p>\n<ul data-sourcepos=\"86:1-90:0\">\n<li data-sourcepos=\"86:1-86:116\"><strong>\u00c2ge du conducteur <\/strong>: Le conducteur doit \u00eatre \u00e2g\u00e9 d&rsquo;au moins 25 ans et \u00eatre titulaire d&rsquo;un permis de conduire valide depuis au moins 3 ans.<\/li>\n<li data-sourcepos=\"87:1-87:112\">D\u00e9p\u00f4t de garantie : Un d\u00e9p\u00f4t de garantie de 3 000 \u20ac par ch\u00e8que ou en esp\u00e8ces pourra \u00eatre exig\u00e9 aupr\u00e8s du Client lors de la remise des cl\u00e9s.<\/li>\n<li data-sourcepos=\"88:1-88:92\"><strong>Carburant :<\/strong> Le v\u00e9hicule est livr\u00e9 avec le plein d&rsquo;essence et doit \u00eatre restitu\u00e9 avec le plein.<\/li>\n<li data-sourcepos=\"89:1-90:0\"><strong>Panne :<\/strong> En cas de panne, le Client doit en informer imm\u00e9diatement Sunset Ride. Les frais de d\u00e9pannage sont \u00e0 la charge de Sunset Ride, sauf en cas de faute du Client. <\/li>\n<\/ul>\n<p data-sourcepos=\"91:1-91:44\">\n<p data-sourcepos=\"91:1-91:44\"><strong>Article 5: Annulation et modification<\/strong><\/p>\n<ul data-sourcepos=\"93:1-95:0\">\n<li data-sourcepos=\"93:1-93:209\"><strong>Annulation par le Client : <\/strong>100 % de frais pour une annulation \u00e0 moins de 15 jours de la location, 50 % entre 15 et 7 jours, et 0 % pour une annulation \u00e0 moins de 7 jours.<\/li>\n<li data-sourcepos=\"94:1-95:0\"><strong>Modification par Sunset Ride :<\/strong> Sunset Ride se r\u00e9serve le droit de modifier ou d&rsquo;annuler une r\u00e9servation en cas de force majeure ou d&rsquo;indisponibilit\u00e9 du v\u00e9hicule.<\/li>\n<\/ul>\n<p data-sourcepos=\"96:1-96:24\">\n<p data-sourcepos=\"96:1-96:24\"><strong>Article 6 : Responsabilit\u00e9<\/strong><\/p>\n<ul data-sourcepos=\"98:1-100:0\">\n<li data-sourcepos=\"98:1-98:105\"><strong>Responsabilit\u00e9 de Sunset Ride : <\/strong>Sunset Ride est responsable de la fourniture d&rsquo;un v\u00e9hicule en bon \u00e9tat de fonctionnement.<\/li>\n<li data-sourcepos=\"99:1-100:0\"><strong>Responsabilit\u00e9 du Client <\/strong>: Le Client est responsable de l&rsquo;utilisation du v\u00e9hicule et de tout dommage caus\u00e9 \u00e0 celui-ci ou \u00e0 des tiers.<\/li>\n<\/ul>\n<p data-sourcepos=\"101:1-101:28\">\n<p data-sourcepos=\"101:1-101:28\"><strong>Article 7: Donn\u00e9es personnelles<\/strong><\/p>\n<p data-sourcepos=\"103:1-103:112\">Les donn\u00e9es personnelles du Client sont collect\u00e9es et trait\u00e9es conform\u00e9ment \u00e0 la r\u00e9glementation en vigueur relative \u00e0 la protection des donn\u00e9es.<\/p>\n<p data-sourcepos=\"105:1-105:42\">\n<p data-sourcepos=\"105:1-105:42\"><strong>Article 8 : Droit applicable et litiges<\/strong><\/p>\n<p data-sourcepos=\"107:1-107:162\">Les pr\u00e9sentes CGV sont r\u00e9gies par le droit fran\u00e7ais. Tout litige relatif \u00e0 l&rsquo;ex\u00e9cution des pr\u00e9sentes CGV sera soumis \u00e0 la comp\u00e9tence exclusive des tribunaux comp\u00e9tents. <\/p>\n<p data-sourcepos=\"109:1-109:31\">\n<p data-sourcepos=\"109:1-109:31\"><strong>Article 9 : Entr\u00e9e en vigueur<\/strong><\/p>\n<p data-sourcepos=\"111:1-111:87\">Les pr\u00e9sentes CGV entrent en vigueur \u00e0 la date de leur publication sur le site internet de Sunset Ride.<\/p>\n\t\t\t\t\t\t\t\t<\/div>\n\t\t\t\t<\/div>\n\t\t\t\t<\/div>\n\t\t\t\t<\/div>\n\t\t","protected":false},"excerpt":{"rendered":"<p>Conditions g\u00e9n\u00e9rales de vente Pr\u00e9ambule Les pr\u00e9sentes conditions g\u00e9n\u00e9rales de vente (ci-apr\u00e8s d\u00e9nomm\u00e9es les \u00ab CGV \u00bb) s&rsquo;appliquent \u00e0 toute location de v\u00e9hicule effectu\u00e9e par Sunset Ride (ci-apr\u00e8s d\u00e9nomm\u00e9e \u00ab Sunset Ride \u00bb) aupr\u00e8s de tout client (ci-apr\u00e8s d\u00e9nomm\u00e9 le \u00ab Client \u00bb) via le site internet de l&rsquo;entreprise ou tout autre moyen de communication. [&hellip;]<\/p>\n","protected":false},"author":1,"featured_media":36,"parent":0,"menu_order":0,"comment_status":"closed","ping_status":"closed","template":"","meta":{"_monsterinsights_skip_tracking":false,"_monsterinsights_sitenote_active":false,"_monsterinsights_sitenote_note":"","_monsterinsights_sitenote_category":0,"footnotes":""},"class_list":["post-1423","page","type-page","status-publish","has-post-thumbnail","hentry"],"yoast_head":"<!-- This site is optimized with the Yoast SEO plugin v27.4 - https:\/\/yoast.com\/product\/yoast-seo-wordpress\/ -->\n<title>Terms and Conditions of Sale - Sunset Ride<\/title>\n<meta name=\"description\" content=\"Consultez nos conditions g\u00e9n\u00e9rales de location.\" \/>\n<meta name=\"robots\" content=\"index, follow, max-snippet:-1, max-image-preview:large, max-video-preview:-1\" \/>\n<link rel=\"canonical\" href=\"https:\/\/sunset-ride.com\/fr\/conditions-generales-de-vente\/\" \/>\n<meta property=\"og:locale\" content=\"fr_FR\" \/>\n<meta property=\"og:type\" content=\"article\" \/>\n<meta property=\"og:title\" content=\"Terms and Conditions of Sale - Sunset Ride\" \/>\n<meta property=\"og:description\" content=\"Consultez nos conditions g\u00e9n\u00e9rales de location.\" \/>\n<meta property=\"og:url\" content=\"https:\/\/sunset-ride.com\/fr\/conditions-generales-de-vente\/\" \/>\n<meta property=\"og:site_name\" content=\"Sunset Ride\" \/>\n<meta property=\"article:modified_time\" content=\"2026-04-14T14:53:41+00:00\" \/>\n<meta property=\"og:image\" content=\"https:\/\/sunset-ride.com\/wp-content\/uploads\/2024\/11\/favicon.png\" \/>\n\t<meta property=\"og:image:width\" content=\"512\" \/>\n\t<meta property=\"og:image:height\" content=\"512\" \/>\n\t<meta property=\"og:image:type\" content=\"image\/png\" \/>\n<meta name=\"twitter:card\" content=\"summary_large_image\" \/>\n<meta name=\"twitter:label1\" content=\"Dur\u00e9e de lecture estim\u00e9e\" \/>\n\t<meta name=\"twitter:data1\" content=\"1 minute\" \/>\n<script type=\"application\/ld+json\" class=\"yoast-schema-graph\">{\"@context\":\"https:\\\/\\\/schema.org\",\"@graph\":[{\"@type\":\"WebPage\",\"@id\":\"https:\\\/\\\/sunset-ride.com\\\/fr\\\/conditions-generales-de-vente\\\/\",\"url\":\"https:\\\/\\\/sunset-ride.com\\\/fr\\\/conditions-generales-de-vente\\\/\",\"name\":\"Terms and Conditions of Sale - Sunset Ride\",\"isPartOf\":{\"@id\":\"https:\\\/\\\/sunset-ride.com\\\/#website\"},\"primaryImageOfPage\":{\"@id\":\"https:\\\/\\\/sunset-ride.com\\\/fr\\\/conditions-generales-de-vente\\\/#primaryimage\"},\"image\":{\"@id\":\"https:\\\/\\\/sunset-ride.com\\\/fr\\\/conditions-generales-de-vente\\\/#primaryimage\"},\"thumbnailUrl\":\"https:\\\/\\\/sunset-ride.com\\\/wp-content\\\/uploads\\\/2024\\\/11\\\/favicon.png\",\"datePublished\":\"2024-12-01T16:41:47+00:00\",\"dateModified\":\"2026-04-14T14:53:41+00:00\",\"description\":\"Consultez nos conditions g\u00e9n\u00e9rales de location.\",\"breadcrumb\":{\"@id\":\"https:\\\/\\\/sunset-ride.com\\\/fr\\\/conditions-generales-de-vente\\\/#breadcrumb\"},\"inLanguage\":\"fr-FR\",\"potentialAction\":[{\"@type\":\"ReadAction\",\"target\":[\"https:\\\/\\\/sunset-ride.com\\\/fr\\\/conditions-generales-de-vente\\\/\"]}]},{\"@type\":\"ImageObject\",\"inLanguage\":\"fr-FR\",\"@id\":\"https:\\\/\\\/sunset-ride.com\\\/fr\\\/conditions-generales-de-vente\\\/#primaryimage\",\"url\":\"https:\\\/\\\/sunset-ride.com\\\/wp-content\\\/uploads\\\/2024\\\/11\\\/favicon.png\",\"contentUrl\":\"https:\\\/\\\/sunset-ride.com\\\/wp-content\\\/uploads\\\/2024\\\/11\\\/favicon.png\",\"width\":512,\"height\":512},{\"@type\":\"BreadcrumbList\",\"@id\":\"https:\\\/\\\/sunset-ride.com\\\/fr\\\/conditions-generales-de-vente\\\/#breadcrumb\",\"itemListElement\":[{\"@type\":\"ListItem\",\"position\":1,\"name\":\"Accueil\",\"item\":\"https:\\\/\\\/sunset-ride.com\\\/fr\\\/accueil\\\/\"},{\"@type\":\"ListItem\",\"position\":2,\"name\":\"Conditions g\u00e9n\u00e9rales de vente\"}]},{\"@type\":\"WebSite\",\"@id\":\"https:\\\/\\\/sunset-ride.com\\\/#website\",\"url\":\"https:\\\/\\\/sunset-ride.com\\\/\",\"name\":\"Sunset Ride\",\"description\":\"Classic car rental\",\"publisher\":{\"@id\":\"https:\\\/\\\/sunset-ride.com\\\/#organization\"},\"potentialAction\":[{\"@type\":\"SearchAction\",\"target\":{\"@type\":\"EntryPoint\",\"urlTemplate\":\"https:\\\/\\\/sunset-ride.com\\\/?s={search_term_string}\"},\"query-input\":{\"@type\":\"PropertyValueSpecification\",\"valueRequired\":true,\"valueName\":\"search_term_string\"}}],\"inLanguage\":\"fr-FR\"},{\"@type\":\"Organization\",\"@id\":\"https:\\\/\\\/sunset-ride.com\\\/#organization\",\"name\":\"Sunset Ride\",\"url\":\"https:\\\/\\\/sunset-ride.com\\\/\",\"logo\":{\"@type\":\"ImageObject\",\"inLanguage\":\"fr-FR\",\"@id\":\"https:\\\/\\\/sunset-ride.com\\\/#\\\/schema\\\/logo\\\/image\\\/\",\"url\":\"https:\\\/\\\/sunset-ride.com\\\/wp-content\\\/uploads\\\/2025\\\/11\\\/cropped-SR-copie-1.png\",\"contentUrl\":\"https:\\\/\\\/sunset-ride.com\\\/wp-content\\\/uploads\\\/2025\\\/11\\\/cropped-SR-copie-1.png\",\"width\":512,\"height\":512,\"caption\":\"Sunset Ride\"},\"image\":{\"@id\":\"https:\\\/\\\/sunset-ride.com\\\/#\\\/schema\\\/logo\\\/image\\\/\"}}]}<\/script>\n<!-- \/ Yoast SEO plugin. -->","yoast_head_json":{"title":"Terms and Conditions of Sale - Sunset Ride","description":"Consultez nos conditions g\u00e9n\u00e9rales de location.","robots":{"index":"index","follow":"follow","max-snippet":"max-snippet:-1","max-image-preview":"max-image-preview:large","max-video-preview":"max-video-preview:-1"},"canonical":"https:\/\/sunset-ride.com\/fr\/conditions-generales-de-vente\/","og_locale":"fr_FR","og_type":"article","og_title":"Terms and Conditions of Sale - Sunset Ride","og_description":"Consultez nos conditions g\u00e9n\u00e9rales de location.","og_url":"https:\/\/sunset-ride.com\/fr\/conditions-generales-de-vente\/","og_site_name":"Sunset Ride","article_modified_time":"2026-04-14T14:53:41+00:00","og_image":[{"width":512,"height":512,"url":"https:\/\/sunset-ride.com\/wp-content\/uploads\/2024\/11\/favicon.png","type":"image\/png"}],"twitter_card":"summary_large_image","twitter_misc":{"Dur\u00e9e de lecture estim\u00e9e":"1 minute"},"schema":{"@context":"https:\/\/schema.org","@graph":[{"@type":"WebPage","@id":"https:\/\/sunset-ride.com\/fr\/conditions-generales-de-vente\/","url":"https:\/\/sunset-ride.com\/fr\/conditions-generales-de-vente\/","name":"Terms and Conditions of Sale - Sunset Ride","isPartOf":{"@id":"https:\/\/sunset-ride.com\/#website"},"primaryImageOfPage":{"@id":"https:\/\/sunset-ride.com\/fr\/conditions-generales-de-vente\/#primaryimage"},"image":{"@id":"https:\/\/sunset-ride.com\/fr\/conditions-generales-de-vente\/#primaryimage"},"thumbnailUrl":"https:\/\/sunset-ride.com\/wp-content\/uploads\/2024\/11\/favicon.png","datePublished":"2024-12-01T16:41:47+00:00","dateModified":"2026-04-14T14:53:41+00:00","description":"Consultez nos conditions g\u00e9n\u00e9rales de location.","breadcrumb":{"@id":"https:\/\/sunset-ride.com\/fr\/conditions-generales-de-vente\/#breadcrumb"},"inLanguage":"fr-FR","potentialAction":[{"@type":"ReadAction","target":["https:\/\/sunset-ride.com\/fr\/conditions-generales-de-vente\/"]}]},{"@type":"ImageObject","inLanguage":"fr-FR","@id":"https:\/\/sunset-ride.com\/fr\/conditions-generales-de-vente\/#primaryimage","url":"https:\/\/sunset-ride.com\/wp-content\/uploads\/2024\/11\/favicon.png","contentUrl":"https:\/\/sunset-ride.com\/wp-content\/uploads\/2024\/11\/favicon.png","width":512,"height":512},{"@type":"BreadcrumbList","@id":"https:\/\/sunset-ride.com\/fr\/conditions-generales-de-vente\/#breadcrumb","itemListElement":[{"@type":"ListItem","position":1,"name":"Accueil","item":"https:\/\/sunset-ride.com\/fr\/accueil\/"},{"@type":"ListItem","position":2,"name":"Conditions g\u00e9n\u00e9rales de vente"}]},{"@type":"WebSite","@id":"https:\/\/sunset-ride.com\/#website","url":"https:\/\/sunset-ride.com\/","name":"Sunset Ride","description":"Classic car rental","publisher":{"@id":"https:\/\/sunset-ride.com\/#organization"},"potentialAction":[{"@type":"SearchAction","target":{"@type":"EntryPoint","urlTemplate":"https:\/\/sunset-ride.com\/?s={search_term_string}"},"query-input":{"@type":"PropertyValueSpecification","valueRequired":true,"valueName":"search_term_string"}}],"inLanguage":"fr-FR"},{"@type":"Organization","@id":"https:\/\/sunset-ride.com\/#organization","name":"Sunset Ride","url":"https:\/\/sunset-ride.com\/","logo":{"@type":"ImageObject","inLanguage":"fr-FR","@id":"https:\/\/sunset-ride.com\/#\/schema\/logo\/image\/","url":"https:\/\/sunset-ride.com\/wp-content\/uploads\/2025\/11\/cropped-SR-copie-1.png","contentUrl":"https:\/\/sunset-ride.com\/wp-content\/uploads\/2025\/11\/cropped-SR-copie-1.png","width":512,"height":512,"caption":"Sunset Ride"},"image":{"@id":"https:\/\/sunset-ride.com\/#\/schema\/logo\/image\/"}}]}},"_links":{"self":[{"href":"https:\/\/sunset-ride.com\/fr\/wp-json\/wp\/v2\/pages\/1423","targetHints":{"allow":["GET"]}}],"collection":[{"href":"https:\/\/sunset-ride.com\/fr\/wp-json\/wp\/v2\/pages"}],"about":[{"href":"https:\/\/sunset-ride.com\/fr\/wp-json\/wp\/v2\/types\/page"}],"author":[{"embeddable":true,"href":"https:\/\/sunset-ride.com\/fr\/wp-json\/wp\/v2\/users\/1"}],"replies":[{"embeddable":true,"href":"https:\/\/sunset-ride.com\/fr\/wp-json\/wp\/v2\/comments?post=1423"}],"version-history":[{"count":7,"href":"https:\/\/sunset-ride.com\/fr\/wp-json\/wp\/v2\/pages\/1423\/revisions"}],"predecessor-version":[{"id":5986,"href":"https:\/\/sunset-ride.com\/fr\/wp-json\/wp\/v2\/pages\/1423\/revisions\/5986"}],"wp:featuredmedia":[{"embeddable":true,"href":"https:\/\/sunset-ride.com\/fr\/wp-json\/wp\/v2\/media\/36"}],"wp:attachment":[{"href":"https:\/\/sunset-ride.com\/fr\/wp-json\/wp\/v2\/media?parent=1423"}],"curies":[{"name":"wp","href":"https:\/\/api.w.org\/{rel}","templated":true}]}}