{"id":1419,"date":"2024-12-01T17:41:11","date_gmt":"2024-12-01T16:41:11","guid":{"rendered":"https:\/\/sunset-ride.com\/politique-de-confidentialite\/"},"modified":"2026-01-09T16:07:08","modified_gmt":"2026-01-09T15:07:08","slug":"politique-de-confidentialite","status":"publish","type":"page","link":"https:\/\/sunset-ride.com\/fr\/politique-de-confidentialite\/","title":{"rendered":"Politique de confidentialit\u00e9"},"content":{"rendered":"\t\t<div data-elementor-type=\"wp-page\" data-elementor-id=\"1419\" class=\"elementor elementor-1419 elementor-1350\" data-elementor-post-type=\"page\">\n\t\t\t\t<div class=\"elementor-element elementor-element-2af1236 e-con-full e-flex e-con e-parent\" data-id=\"2af1236\" data-element_type=\"container\" data-e-type=\"container\">\n\t\t\t\t<div class=\"elementor-element elementor-element-257c956 elementor-widget elementor-widget-heading\" data-id=\"257c956\" data-element_type=\"widget\" data-e-type=\"widget\" data-widget_type=\"heading.default\">\n\t\t\t\t<div class=\"elementor-widget-container\">\n\t\t\t\t\t<h1 class=\"elementor-heading-title elementor-size-default\">Politique de confidentialit\u00e9\n\n\n\n\n\n\n<\/h1>\t\t\t\t<\/div>\n\t\t\t\t<\/div>\n\t\t\t\t<div class=\"elementor-element elementor-element-95c2689 elementor-widget elementor-widget-text-editor\" data-id=\"95c2689\" data-element_type=\"widget\" data-e-type=\"widget\" data-widget_type=\"text-editor.default\">\n\t\t\t\t<div class=\"elementor-widget-container\">\n\t\t\t\t\t\t\t\t\t<p data-sourcepos=\"5:1-6:209\"><strong>1. Collecte et utilisation des donn\u00e9es personnelles :<\/strong> Sunset Ride s&rsquo;engage \u00e0 respecter la confidentialit\u00e9 des donn\u00e9es personnelles de ses utilisateurs. Les donn\u00e9es personnelles collect\u00e9es sur le site internet (nom, pr\u00e9nom, adresse e-mail, num\u00e9ro de t\u00e9l\u00e9phone, etc.) sont utilis\u00e9es aux fins suivantes : <\/p>\n<ul data-sourcepos=\"7:1-10:0\">\n<li data-sourcepos=\"7:1-7:97\"><strong>Gestion des r\u00e9servations :<\/strong> Traitement des demandes de r\u00e9servation, confirmation des r\u00e9servations et facturation.<\/li>\n<li data-sourcepos=\"8:1-8:112\"><strong>Communication :<\/strong> Envoi d&rsquo;informations sur les services propos\u00e9s, les offres sp\u00e9ciales et gestion des comptes clients.<\/li>\n<li data-sourcepos=\"9:1-10:0\"><strong>Am\u00e9lioration des services :<\/strong> Analyse des donn\u00e9es pour am\u00e9liorer l&rsquo;exp\u00e9rience utilisateur et personnaliser les offres.<\/li>\n<\/ul>\n<p data-sourcepos=\"11:1-12:241\"><strong>2. S\u00e9curit\u00e9 des donn\u00e9es :<\/strong> Sunset Ride met en \u0153uvre toutes les mesures techniques et organisationnelles n\u00e9cessaires pour garantir la s\u00e9curit\u00e9 et la confidentialit\u00e9 des donn\u00e9es personnelles. Ces mesures visent \u00e0 prot\u00e9ger les donn\u00e9es contre tout acc\u00e8s non autoris\u00e9, alt\u00e9ration, divulgation ou destruction. <\/p>\n<p data-sourcepos=\"14:1-15:59\"><strong>3. Transmission des donn\u00e9es :<\/strong> Les donn\u00e9es personnelles ne sont pas transmises \u00e0 des tiers, sauf :<\/p>\n<ul data-sourcepos=\"16:1-18:0\">\n<li data-sourcepos=\"16:1-16:100\"><strong>Aux prestataires techniques <\/strong>: Dans le cadre de l&rsquo;ex\u00e9cution des services (h\u00e9bergement, paiement, etc.).<\/li>\n<li data-sourcepos=\"17:1-18:0\"><strong>Aux autorit\u00e9s comp\u00e9tentes : <\/strong>En cas d&rsquo;obligation l\u00e9gale.<\/li>\n<\/ul>\n<p data-sourcepos=\"19:1-20:73\"><strong>4. Droits des utilisateurs :<\/strong> Conform\u00e9ment \u00e0 la r\u00e9glementation en vigueur, vous disposez des droits suivants :<\/p>\n<ul data-sourcepos=\"21:1-28:0\">\n<li data-sourcepos=\"21:1-21:68\">Droit d&rsquo;acc\u00e8s : Vous pouvez demander l&rsquo;acc\u00e8s \u00e0 vos donn\u00e9es personnelles.<\/li>\n<li data-sourcepos=\"22:1-22:104\"><strong>Droit de rectification :<\/strong> Vous pouvez demander que les donn\u00e9es personnelles inexactes vous concernant soient rectifi\u00e9es.<\/li>\n<li data-sourcepos=\"23:1-23:109\"><strong>Droit \u00e0 l\u2019effacement : <\/strong>Vous pouvez demander l\u2019effacement de vos donn\u00e9es personnelles, dans les limites pr\u00e9vues par la loi.<\/li>\n<li data-sourcepos=\"24:1-24:101\"><strong>Droit d\u2019opposition :<\/strong> Vous pouvez vous opposer, pour des motifs l\u00e9gitimes, au traitement de vos donn\u00e9es personnelles.<\/li>\n<li data-sourcepos=\"25:1-25:106\"><strong>Droit \u00e0 la limitation :<\/strong> Vous pouvez demander la limitation <span class=\"citation-0\">du traitement de vos donn\u00e9es personnelles.<\/span><\/li>\n<li data-sourcepos=\"26:1-28:0\"><strong><span class=\"citation-0\">Droit \u00e0 la portabilit\u00e9 :<\/span><\/strong> <span class=\"citation-0\">Vous pouvez demander<\/span> <span class=\"citation-0 citation-1 citation-end-0\">\u00e0 recevoir vos donn\u00e9es personnelles dans un format structur\u00e9,<\/span> <span class=\"citation-1 citation-end-1\">couramment utilis\u00e9 et lisible par machine, ou \u00e0 ce qu&rsquo;elles soient transmises directement \u00e0 un autre responsable de traitement<\/span>. Pour exercer ces droits, veuillez nous contacter \u00e0 l&rsquo;adresse paul.sunsetride@gmail.com.\n<div class=\"container ng-tns-c139004940-173 hide\">\n<div class=\"carousel-container ng-tns-c139004940-173\"> <\/div>\n<\/div>\n<\/li>\n<\/ul>\n<p data-sourcepos=\"29:1-31:103\"><strong>5. Cookies <\/strong>: Le site internet utilise des cookies. Un cookie est un petit fichier texte d\u00e9pos\u00e9 sur votre ordinateur lors de votre visite sur un site internet. Les cookies utilis\u00e9s sur ce site permettent d&rsquo;am\u00e9liorer votre exp\u00e9rience de navigation et de collecter des donn\u00e9es statistiques. Vous pouvez configurer votre navigateur pour refuser les cookies. Toutefois, certaines fonctionnalit\u00e9s du site peuvent en \u00eatre limit\u00e9es.    <\/p>\n<p data-sourcepos=\"33:1-34:116\"><strong>6. Modifications de la politique de confidentialit\u00e9<\/strong> : Sunset Ride se r\u00e9serve le droit de modifier la pr\u00e9sente politique de confidentialit\u00e9 \u00e0 tout moment. Tout changement sera notifi\u00e9 sur cette page. <\/p>\n<p data-sourcepos=\"36:1-37:46\"><strong>7. Droit applicable :<\/strong> La pr\u00e9sente politique de confidentialit\u00e9 est r\u00e9gie par le droit fran\u00e7ais.<\/p>\n<p data-sourcepos=\"39:1-39:85\">En acceptant les pr\u00e9sentes conditions g\u00e9n\u00e9rales de vente, vous acceptez \u00e9galement la pr\u00e9sente politique de confidentialit\u00e9.<\/p>\n\t\t\t\t\t\t\t\t<\/div>\n\t\t\t\t<\/div>\n\t\t\t\t<\/div>\n\t\t\t\t<\/div>\n\t\t","protected":false},"excerpt":{"rendered":"<p>Politique de confidentialit\u00e9 1. Collecte et utilisation des donn\u00e9es personnelles : Sunset Ride s&rsquo;engage \u00e0 respecter la confidentialit\u00e9 des donn\u00e9es personnelles de ses utilisateurs. Les donn\u00e9es personnelles collect\u00e9es sur le site internet (nom, pr\u00e9nom, adresse e-mail, num\u00e9ro de t\u00e9l\u00e9phone, etc.) sont utilis\u00e9es aux fins suivantes : Gestion des r\u00e9servations : Traitement des demandes de r\u00e9servation, [&hellip;]<\/p>\n","protected":false},"author":1,"featured_media":36,"parent":0,"menu_order":0,"comment_status":"closed","ping_status":"closed","template":"","meta":{"_monsterinsights_skip_tracking":false,"_monsterinsights_sitenote_active":false,"_monsterinsights_sitenote_note":"","_monsterinsights_sitenote_category":0,"footnotes":""},"class_list":["post-1419","page","type-page","status-publish","has-post-thumbnail","hentry"],"yoast_head":"<!-- This site is optimized with the Yoast SEO plugin v27.2 - https:\/\/yoast.com\/product\/yoast-seo-wordpress\/ -->\n<title>Privacy Policy - Sunset Ride<\/title>\n<meta name=\"description\" content=\"Politique de confidentialit\u00e9. Protection de vos donn\u00e9es personnelles.\" \/>\n<meta name=\"robots\" content=\"index, follow, max-snippet:-1, max-image-preview:large, max-video-preview:-1\" \/>\n<link rel=\"canonical\" href=\"https:\/\/sunset-ride.com\/fr\/politique-de-confidentialite\/\" \/>\n<meta property=\"og:locale\" content=\"fr_FR\" \/>\n<meta property=\"og:type\" content=\"article\" \/>\n<meta property=\"og:title\" content=\"Privacy Policy - Sunset Ride\" \/>\n<meta property=\"og:description\" content=\"Politique de confidentialit\u00e9. Protection de vos donn\u00e9es personnelles.\" \/>\n<meta property=\"og:url\" content=\"https:\/\/sunset-ride.com\/fr\/politique-de-confidentialite\/\" \/>\n<meta property=\"og:site_name\" content=\"Sunset Ride\" \/>\n<meta property=\"article:modified_time\" content=\"2026-01-09T15:07:08+00:00\" \/>\n<meta property=\"og:image\" content=\"https:\/\/sunset-ride.com\/wp-content\/uploads\/2024\/11\/favicon.png\" \/>\n\t<meta property=\"og:image:width\" content=\"512\" \/>\n\t<meta property=\"og:image:height\" content=\"512\" \/>\n\t<meta property=\"og:image:type\" content=\"image\/png\" \/>\n<meta name=\"twitter:card\" content=\"summary_large_image\" \/>\n<script type=\"application\/ld+json\" class=\"yoast-schema-graph\">{\"@context\":\"https:\/\/schema.org\",\"@graph\":[{\"@type\":\"WebPage\",\"@id\":\"https:\/\/sunset-ride.com\/fr\/politique-de-confidentialite\/\",\"url\":\"https:\/\/sunset-ride.com\/fr\/politique-de-confidentialite\/\",\"name\":\"Privacy Policy - Sunset Ride\",\"isPartOf\":{\"@id\":\"https:\/\/sunset-ride.com\/#website\"},\"primaryImageOfPage\":{\"@id\":\"https:\/\/sunset-ride.com\/fr\/politique-de-confidentialite\/#primaryimage\"},\"image\":{\"@id\":\"https:\/\/sunset-ride.com\/fr\/politique-de-confidentialite\/#primaryimage\"},\"thumbnailUrl\":\"https:\/\/sunset-ride.com\/wp-content\/uploads\/2024\/11\/favicon.png\",\"datePublished\":\"2024-12-01T16:41:11+00:00\",\"dateModified\":\"2026-01-09T15:07:08+00:00\",\"description\":\"Politique de confidentialit\u00e9. Protection de vos donn\u00e9es personnelles.\",\"breadcrumb\":{\"@id\":\"https:\/\/sunset-ride.com\/fr\/politique-de-confidentialite\/#breadcrumb\"},\"inLanguage\":\"fr-FR\",\"potentialAction\":[{\"@type\":\"ReadAction\",\"target\":[\"https:\/\/sunset-ride.com\/fr\/politique-de-confidentialite\/\"]}]},{\"@type\":\"ImageObject\",\"inLanguage\":\"fr-FR\",\"@id\":\"https:\/\/sunset-ride.com\/fr\/politique-de-confidentialite\/#primaryimage\",\"url\":\"https:\/\/sunset-ride.com\/wp-content\/uploads\/2024\/11\/favicon.png\",\"contentUrl\":\"https:\/\/sunset-ride.com\/wp-content\/uploads\/2024\/11\/favicon.png\",\"width\":512,\"height\":512},{\"@type\":\"BreadcrumbList\",\"@id\":\"https:\/\/sunset-ride.com\/fr\/politique-de-confidentialite\/#breadcrumb\",\"itemListElement\":[{\"@type\":\"ListItem\",\"position\":1,\"name\":\"Accueil\",\"item\":\"https:\/\/sunset-ride.com\/\"},{\"@type\":\"ListItem\",\"position\":2,\"name\":\"Politique de confidentialit\u00e9\"}]},{\"@type\":\"WebSite\",\"@id\":\"https:\/\/sunset-ride.com\/#website\",\"url\":\"https:\/\/sunset-ride.com\/\",\"name\":\"Sunset Ride\",\"description\":\"Classic car rental\",\"publisher\":{\"@id\":\"https:\/\/sunset-ride.com\/#organization\"},\"potentialAction\":[{\"@type\":\"SearchAction\",\"target\":{\"@type\":\"EntryPoint\",\"urlTemplate\":\"https:\/\/sunset-ride.com\/?s={search_term_string}\"},\"query-input\":{\"@type\":\"PropertyValueSpecification\",\"valueRequired\":true,\"valueName\":\"search_term_string\"}}],\"inLanguage\":\"fr-FR\"},{\"@type\":\"Organization\",\"@id\":\"https:\/\/sunset-ride.com\/#organization\",\"name\":\"Sunset Ride\",\"url\":\"https:\/\/sunset-ride.com\/\",\"logo\":{\"@type\":\"ImageObject\",\"inLanguage\":\"fr-FR\",\"@id\":\"https:\/\/sunset-ride.com\/#\/schema\/logo\/image\/\",\"url\":\"https:\/\/sunset-ride.com\/wp-content\/uploads\/2025\/11\/cropped-SR-copie-1.png\",\"contentUrl\":\"https:\/\/sunset-ride.com\/wp-content\/uploads\/2025\/11\/cropped-SR-copie-1.png\",\"width\":512,\"height\":512,\"caption\":\"Sunset Ride\"},\"image\":{\"@id\":\"https:\/\/sunset-ride.com\/#\/schema\/logo\/image\/\"}}]}<\/script>\n<!-- \/ Yoast SEO plugin. -->","yoast_head_json":{"title":"Privacy Policy - Sunset Ride","description":"Politique de confidentialit\u00e9. Protection de vos donn\u00e9es personnelles.","robots":{"index":"index","follow":"follow","max-snippet":"max-snippet:-1","max-image-preview":"max-image-preview:large","max-video-preview":"max-video-preview:-1"},"canonical":"https:\/\/sunset-ride.com\/fr\/politique-de-confidentialite\/","og_locale":"fr_FR","og_type":"article","og_title":"Privacy Policy - Sunset Ride","og_description":"Politique de confidentialit\u00e9. Protection de vos donn\u00e9es personnelles.","og_url":"https:\/\/sunset-ride.com\/fr\/politique-de-confidentialite\/","og_site_name":"Sunset Ride","article_modified_time":"2026-01-09T15:07:08+00:00","og_image":[{"width":512,"height":512,"url":"https:\/\/sunset-ride.com\/wp-content\/uploads\/2024\/11\/favicon.png","type":"image\/png"}],"twitter_card":"summary_large_image","schema":{"@context":"https:\/\/schema.org","@graph":[{"@type":"WebPage","@id":"https:\/\/sunset-ride.com\/fr\/politique-de-confidentialite\/","url":"https:\/\/sunset-ride.com\/fr\/politique-de-confidentialite\/","name":"Privacy Policy - Sunset Ride","isPartOf":{"@id":"https:\/\/sunset-ride.com\/#website"},"primaryImageOfPage":{"@id":"https:\/\/sunset-ride.com\/fr\/politique-de-confidentialite\/#primaryimage"},"image":{"@id":"https:\/\/sunset-ride.com\/fr\/politique-de-confidentialite\/#primaryimage"},"thumbnailUrl":"https:\/\/sunset-ride.com\/wp-content\/uploads\/2024\/11\/favicon.png","datePublished":"2024-12-01T16:41:11+00:00","dateModified":"2026-01-09T15:07:08+00:00","description":"Politique de confidentialit\u00e9. Protection de vos donn\u00e9es personnelles.","breadcrumb":{"@id":"https:\/\/sunset-ride.com\/fr\/politique-de-confidentialite\/#breadcrumb"},"inLanguage":"fr-FR","potentialAction":[{"@type":"ReadAction","target":["https:\/\/sunset-ride.com\/fr\/politique-de-confidentialite\/"]}]},{"@type":"ImageObject","inLanguage":"fr-FR","@id":"https:\/\/sunset-ride.com\/fr\/politique-de-confidentialite\/#primaryimage","url":"https:\/\/sunset-ride.com\/wp-content\/uploads\/2024\/11\/favicon.png","contentUrl":"https:\/\/sunset-ride.com\/wp-content\/uploads\/2024\/11\/favicon.png","width":512,"height":512},{"@type":"BreadcrumbList","@id":"https:\/\/sunset-ride.com\/fr\/politique-de-confidentialite\/#breadcrumb","itemListElement":[{"@type":"ListItem","position":1,"name":"Accueil","item":"https:\/\/sunset-ride.com\/"},{"@type":"ListItem","position":2,"name":"Politique de confidentialit\u00e9"}]},{"@type":"WebSite","@id":"https:\/\/sunset-ride.com\/#website","url":"https:\/\/sunset-ride.com\/","name":"Sunset Ride","description":"Classic car rental","publisher":{"@id":"https:\/\/sunset-ride.com\/#organization"},"potentialAction":[{"@type":"SearchAction","target":{"@type":"EntryPoint","urlTemplate":"https:\/\/sunset-ride.com\/?s={search_term_string}"},"query-input":{"@type":"PropertyValueSpecification","valueRequired":true,"valueName":"search_term_string"}}],"inLanguage":"fr-FR"},{"@type":"Organization","@id":"https:\/\/sunset-ride.com\/#organization","name":"Sunset Ride","url":"https:\/\/sunset-ride.com\/","logo":{"@type":"ImageObject","inLanguage":"fr-FR","@id":"https:\/\/sunset-ride.com\/#\/schema\/logo\/image\/","url":"https:\/\/sunset-ride.com\/wp-content\/uploads\/2025\/11\/cropped-SR-copie-1.png","contentUrl":"https:\/\/sunset-ride.com\/wp-content\/uploads\/2025\/11\/cropped-SR-copie-1.png","width":512,"height":512,"caption":"Sunset Ride"},"image":{"@id":"https:\/\/sunset-ride.com\/#\/schema\/logo\/image\/"}}]}},"_links":{"self":[{"href":"https:\/\/sunset-ride.com\/fr\/wp-json\/wp\/v2\/pages\/1419","targetHints":{"allow":["GET"]}}],"collection":[{"href":"https:\/\/sunset-ride.com\/fr\/wp-json\/wp\/v2\/pages"}],"about":[{"href":"https:\/\/sunset-ride.com\/fr\/wp-json\/wp\/v2\/types\/page"}],"author":[{"embeddable":true,"href":"https:\/\/sunset-ride.com\/fr\/wp-json\/wp\/v2\/users\/1"}],"replies":[{"embeddable":true,"href":"https:\/\/sunset-ride.com\/fr\/wp-json\/wp\/v2\/comments?post=1419"}],"version-history":[{"count":6,"href":"https:\/\/sunset-ride.com\/fr\/wp-json\/wp\/v2\/pages\/1419\/revisions"}],"predecessor-version":[{"id":4319,"href":"https:\/\/sunset-ride.com\/fr\/wp-json\/wp\/v2\/pages\/1419\/revisions\/4319"}],"wp:featuredmedia":[{"embeddable":true,"href":"https:\/\/sunset-ride.com\/fr\/wp-json\/wp\/v2\/media\/36"}],"wp:attachment":[{"href":"https:\/\/sunset-ride.com\/fr\/wp-json\/wp\/v2\/media?parent=1419"}],"curies":[{"name":"wp","href":"https:\/\/api.w.org\/{rel}","templated":true}]}}